{"id":2107,"date":"2020-01-04T12:46:13","date_gmt":"2020-01-04T11:46:13","guid":{"rendered":"https:\/\/csbybaldaquino.com\/?page_id=2107"},"modified":"2022-01-25T17:35:40","modified_gmt":"2022-01-25T16:35:40","slug":"aviso-legal","status":"publish","type":"page","link":"https:\/\/csbybaldaquino.com\/wordpress\/aviso-legal\/","title":{"rendered":"Aviso Legal"},"content":{"rendered":"<div class=\"wpb-content-wrapper\"><p>[vc_row row_type=\u00bbrow\u00bb use_row_as_full_screen_section=\u00bbno\u00bb type=\u00bbfull_width\u00bb text_align=\u00bbleft\u00bb background_animation=\u00bbnone\u00bb css_animation=\u00bb\u00bb][vc_column width=\u00bb1\/6&#8243;][\/vc_column][vc_column width=\u00bb2\/3&#8243;][vc_row_inner row_type=\u00bbrow\u00bb type=\u00bbfull_width\u00bb use_row_as_full_screen_section_slide=\u00bbno\u00bb text_align=\u00bbleft\u00bb css_animation=\u00bb\u00bb][vc_column_inner][vc_column_text]El presente aviso legal regula el uso y utilizaci\u00f3n del sitio web www.csbybaldaquino.com del que es titular Grupo Adajo S.L. (en adelante CS by Baldaquino).<\/p>\n<p>La navegaci\u00f3n por el sitio web de CS by Baldaquino le atribuye la condici\u00f3n de USUARIO del mismo y conlleva su aceptaci\u00f3n plena y sin reservas de todas y cada una de las\u00a0condiciones publicadas en este aviso legal, advirtiendo de que dichas condiciones podr\u00e1n ser\u00a0modificadas sin notificaci\u00f3n previa por parte de CS by Baldaquino, en cuyo caso se\u00a0proceder\u00e1 a su publicaci\u00f3n y aviso con la m\u00e1xima antelaci\u00f3n posible.<\/p>\n<p>Por ello es recomendable leer atentamente su contenido en caso de desear acceder y hacer\u00a0uso de la informaci\u00f3n y de los servicios ofrecidos desde este sitio web.<\/p>\n<p>El usuario adem\u00e1s, se obliga a hacer un uso correcto del sitio web de conformidad con las\u00a0leyes, la buena fe, el orden p\u00fablico, los usos del tr\u00e1fico y el presente Aviso Legal, y\u00a0responder\u00e1 frente a CS by Baldaquino o frente a terceros, de cualesquiera da\u00f1os y perjuicios\u00a0que pudieran causarse como consecuencia del incumplimiento de dicha obligaci\u00f3n.<br \/>\nCualquier utilizaci\u00f3n distinta a la autorizada est\u00e1 expresamente prohibida, pudiendo CS by Baldaquino denegar o retirar el acceso y su uso en cualquier momento.<\/p>\n<h3><strong>1. IDENTIFICACI\u00d3N<\/strong><\/h3>\n<p>CS by Baldaquino , en cumplimiento de la Ley 34\/2002, de 11 de julio, de Servicios de la\u00a0Sociedad de la Informaci\u00f3n y de Comercio Electr\u00f3nico, le informa de que:<\/p>\n<p>\u2013 Su denominaci\u00f3n social es : GRUPO ADAJO S.L.<br \/>\n\u2013 Su CIF es: B96282611<br \/>\n\u2013 Su domicilio social est\u00e1 en Coso 157, \u00a0Zaragoza (ESPA\u00d1A).<\/p>\n<h3><strong>2. COMUNICACIONES<\/strong><\/h3>\n<p>Para comunicarse con nosotros, ponemos a su disposici\u00f3n diferentes medios de contacto que\u00a0detallamos a continuaci\u00f3n:<br \/>\n\u2013 Tel\u00e9fono: +34976482625 \u2013 Horario: De Lunes a Viernes de 8:30 a 20:30<br \/>\n\u2013 Email: info@elrincondecoracion.com<br \/>\n\u2013 Direcci\u00f3n Postal: Coso 157,\u00a0 50001 Zaragoza (ESPA\u00d1A).<\/p>\n<p>Todas las notificaciones y comunicaciones entre los usuarios y CS by Baldaquino se\u00a0considerar\u00e1n eficaces, a todos los efectos, cuando se realicen a trav\u00e9s de cualquier\u00a0medio de los detallados anteriormente.<\/p>\n<h3><strong>3. CONDICIONES DE ACCESO Y UTILIZACI\u00d3N<\/strong><\/h3>\n<p>El sitio web y sus servicios son de acceso libre y gratuito. No obstante, CS by Baldaquino puede condicionar la utilizaci\u00f3n de algunos de los servicios ofrecidos en su web a la previa\u00a0cumplimentaci\u00f3n del correspondiente formulario.<br \/>\nEl usuario garantiza la autenticidad y actualidad de todos aquellos datos que comunique a CS by Baldaquino y ser\u00e1 el \u00fanico responsable de las manifestaciones falsas o inexactas que\u00a0realice.<\/p>\n<p>El usuario se compromete expresamente a hacer un uso adecuado de los contenidos y\u00a0servicios de CS by Baldaquino y a no emplearlos para, entre otros:<br \/>\na) Difundir contenidos delictivos, violentos, pornogr\u00e1ficos, racistas, xen\u00f3fobos,<br \/>\nofensivos, de apolog\u00eda del terrorismo o, en general, contrarios a la ley o al orden p\u00fablico.<\/p>\n<p>b) Introducir en la red virus inform\u00e1ticos o realizar actuaciones susceptibles de alterar,\u00a0estropear, interrumpir o generar errores o da\u00f1os en los documentos electr\u00f3nicos, datos o\u00a0sistemas f\u00edsicos y l\u00f3gicos de CS by Baldaquino o de terceras personas; as\u00ed como\u00a0obstaculizar el acceso de otros usuarios al sitio web y a sus servicios mediante el\u00a0consumo masivo de los recursos inform\u00e1ticos a trav\u00e9s de los cuales CS by Baldaquino presta sus servicios.<\/p>\n<p>c) Intentar acceder a las cuentas de correo electr\u00f3nico de otros usuarios o a \u00e1reas\u00a0restringidas de los sistemas inform\u00e1ticos de CS by Baldaquino o de terceros y, en su caso,\u00a0extraer informaci\u00f3n.<\/p>\n<p>d) Vulnerar los derechos de propiedad intelectual o industrial, as\u00ed como violar la\u00a0confidencialidad de la informaci\u00f3n de CS by Baldaquino o de terceros.<\/p>\n<p>e) Suplantar la identidad de cualquier otro usuario.<\/p>\n<p>f) Reproducir, copiar, distribuir, poner a disposici\u00f3n de, o cualquier otra forma de\u00a0comunicaci\u00f3n p\u00fablica, transformar o modificar los contenidos, a menos que se cuente\u00a0con la autorizaci\u00f3n del titular de los correspondientes derechos o ello resulte legalmente\u00a0permitido.<\/p>\n<p>g) Recabar datos con finalidad publicitaria y de remitir publicidad de cualquier clase y\u00a0comunicaciones con fines de venta u otras de naturaleza comercial sin que medie su\u00a0previa solicitud o consentimiento.<\/p>\n<p>Todos los contenidos del sitio web, como textos, fotograf\u00edas, gr\u00e1ficos, im\u00e1genes, iconos, tecnolog\u00eda, software, as\u00ed como su dise\u00f1o gr\u00e1fico y c\u00f3digos fuente, constituyen una obra cuya\u00a0propiedad pertenece a CS by Baldaquino , sin que puedan entenderse cedidos al usuario\u00a0ninguno de los derechos de explotaci\u00f3n sobre los mismos m\u00e1s all\u00e1 de lo estrictamente\u00a0necesario para el correcto uso de la web.<\/p>\n<p>En definitiva, los usuarios que accedan a este sitio web pueden visualizar los contenidos y\u00a0efectuar, en su caso, copias privadas autorizadas siempre que los elementos reproducidos no\u00a0sean cedidos posteriormente a terceros, ni se instalen a servidores conectados a redes, ni sean\u00a0objeto de ning\u00fan tipo de explotaci\u00f3n.<\/p>\n<p>Asimismo, todas las marcas, nombres comerciales o signos distintivos de cualquier clase que\u00a0aparecen en el sitio web son propiedad de CS by Baldaquino, sin que pueda entenderse que el\u00a0uso o acceso al mismo atribuya al usuario derecho alguno sobre los mismos.<\/p>\n<p>La distribuci\u00f3n, modificaci\u00f3n, cesi\u00f3n o comunicaci\u00f3n p\u00fablica de los contenidos y cualquier\u00a0otro acto que no haya sido expresamente autorizado por el titular de los derechos de\u00a0explotaci\u00f3n quedan prohibidos.<\/p>\n<p>El establecimiento de un hiperenlace no implica en ning\u00fan caso la existencia de relaciones entre CS by Baldaquino y el propietario del sitio web en la que se establezca, ni la aceptaci\u00f3n\u00a0y aprobaci\u00f3n por parte de CS by Baldaquino de sus contenidos o servicios.<\/p>\n<p>CS by Baldaquino no se responsabiliza del uso que cada usuario le d\u00e9 a los materiales puestos\u00a0a disposici\u00f3n en este sitio web ni de las actuaciones que realice en base a los mismos.<\/p>\n<h3><strong>3.1 EXCLUSI\u00d3N DE GARANT\u00cdAS Y DE RESPONSABILIDAD EN EL ACCESO Y\u00a0LA UTILIZACI\u00d3N<\/strong><\/h3>\n<p>El contenido del presente sitio web es de car\u00e1cter general y tiene una finalidad meramente\u00a0informativa, sin que se garantice plenamente el acceso a todos los contenidos, ni su\u00a0exhaustividad, correcci\u00f3n, vigencia o actualidad, ni su idoneidad o utilidad para un objetivo\u00a0espec\u00edfico.<br \/>\nCS by Baldaquino excluye, hasta donde permite el ordenamiento jur\u00eddico, cualquier\u00a0responsabilidad por los da\u00f1os y perjuicios de toda naturaleza derivados de:<\/p>\n<p>a) La imposibilidad de acceso al sitio web o la falta de veracidad, exactitud,\u00a0exhaustividad y\/o actualidad de los contenidos, as\u00ed como la existencia de vicios y\u00a0defectos de toda clase de los contenidos transmitidos, difundidos, almacenados, puestos a\u00a0disposici\u00f3n, a los que se haya accedido a trav\u00e9s del sitio web o de los servicios que se\u00a0ofrecen.<\/p>\n<p>b) La presencia de virus o de otros elementos en los contenidos que puedan producir\u00a0alteraciones en los sistemas inform\u00e1ticos, documentos electr\u00f3nicos o datos de los\u00a0usuarios.<\/p>\n<p>c) El incumplimiento de las leyes, la buena fe, el orden p\u00fablico, los usos del tr\u00e1fico y el\u00a0presente aviso legal como consecuencia del uso incorrecto del sitio web. En particular, y\u00a0a modo ejemplificativo, CS by Baldaquino no se hace responsable de las actuaciones de\u00a0terceros que vulneren derechos de propiedad intelectual e industrial, secretos\u00a0empresariales, derechos al honor, a la intimidad personal y familiar y a la propia imagen,\u00a0as\u00ed como la normativa en materia de competencia desleal y publicidad il\u00edcita.<\/p>\n<p>Asimismo, CS by Baldaquino declina cualquier responsabilidad respecto a la informaci\u00f3n\u00a0que se halle fuera de esta web y no sea gestionada directamente por nuestro webmaster. La\u00a0funci\u00f3n de los links que aparecen en esta web es exclusivamente la de informar al usuario\u00a0sobre la existencia de otras fuentes susceptibles de ampliar los contenidos que ofrece este\u00a0sitio web. CS by Baldaquino no garantiza ni se responsabiliza del funcionamiento o\u00a0accesibilidad de los sitios enlazados; ni sugiere, invita o recomienda la visita a los mismos,\u00a0por lo que tampoco ser\u00e1 responsable del resultado obtenido. CS by Baldaquino no se\u00a0responsabiliza del establecimiento de hiperv\u00ednculos por parte de terceros.<\/p>\n<h3><strong>3.2 PROCEDIMIENTO EN CASO DE REALIZACI\u00d3N DE ACTIVIDADES DE\u00a0CAR\u00c1CTER IL\u00cdCITO<\/strong><\/h3>\n<p>En el caso de que cualquier usuario o un tercero considere que existen hechos o\u00a0circunstancias que revelen el car\u00e1cter il\u00edcito de la utilizaci\u00f3n de cualquier contenido y\/o de la\u00a0realizaci\u00f3n de cualquier actividad en las p\u00e1ginas web incluidas o accesibles a trav\u00e9s del sitio\u00a0web, deber\u00e1 enviar una notificaci\u00f3n a CS by Baldaquino identific\u00e1ndose debidamente y\u00a0especificando las supuestas infracciones.<\/p>\n<h3><strong>3.3 PUBLICACIONES<\/strong><\/h3>\n<p>La informaci\u00f3n administrativa facilitada a trav\u00e9s del sitio web no sustituye la publicidad\u00a0legal de las leyes, normativas, planes, disposiciones generales y actos que tengan que ser publicados formalmente a los diarios oficiales de las administraciones p\u00fablicas, que constituyen el \u00fanico instrumento que da fe de su autenticidad y contenido. La informaci\u00f3n disponible en este sitio web debe entenderse como una gu\u00eda sin prop\u00f3sito de validez legal.<\/p>\n<h3><strong>4. ENLACES<\/strong><\/h3>\n<p>Desde el sitio web es posible que se redirija a contenidos de terceras webs. Dado que desde el web no podemos controlar siempre los contenidos introducidos por los terceros, CS by Baldaquino no asume ning\u00fan tipo de responsabilidad respecto a estos contenidos. En todo caso, el prestador manifiesta que proceder\u00e1 a la retirada inmediata de cualquier contenido que pudiera contravenir la legislaci\u00f3n nacional o internacional, la moral o el orden p\u00fablico, procediendo a la retirada inmediata de la redirecci\u00f3n a estas webs, poniendo en conocimiento de las autoridades competentes el contenido en cuesti\u00f3n.<\/p>\n<p>El prestador no se responsabiliza de la informaci\u00f3n y contenidos almacenados, a t\u00edtulo enunciativo, pero no limitante, en foros, chats, generadores de blogs, comentarios, redes sociales o cualquiera otro medio que permita a terceros publicar contenidos de forma independiente a la p\u00e1gina web del prestador. Sin embargo y en cumplimiento de lo que dispone el art. 11 y 16 de la LSSICE, el prestador se pone a disposici\u00f3n de todos los usuarios, autoridades y fuerzas de seguridad, y colaborando de forma activa en la retirada o, cuando sea necesario, el bloqueo de todos aquellos contenidos que puedan afectar o contravenir la legislaci\u00f3n nacional, o internacional, derechos de terceros o la moral y el orden p\u00fablico. En caso de que el usuario considere que puede existir alg\u00fan contenido que pudiera ser susceptible de esta clasificaci\u00f3n, se ruega lo notifique de forma inmediata al administrador del sitio web.<\/p>\n<h3><strong>5. PROTECCI\u00d3N DE DATOS<\/strong><\/h3>\n<p>El prestador est\u00e1 profundamente comprometido con el cumplimiento de la normativa de protecci\u00f3n de datos personales y garantiza el cumplimiento \u00edntegro de las obligaciones dispuestas, as\u00ed como la implementaci\u00f3n de las medidas de seguridad dispuestas al Reglamento Europeo de Protecci\u00f3n de datos y la normativa espa\u00f1ola de protecci\u00f3n de datos. Para m\u00e1s informaci\u00f3n, ver nuestra Pol\u00edtica de Privacidad.<\/p>\n<h3><strong>6. REDES SOCIALES<\/strong><\/h3>\n<p>Le informamos que CS by Baldaquino puede estar presente en redes sociales. El tratamiento de los datos que los usuarios incluyan en las mismas [haci\u00e9ndose seguidores del prestador en las redes sociales (y\/o realizando cualquier v\u00ednculo o acci\u00f3n de conexi\u00f3n a trav\u00e9s de estas)] se regir\u00e1 por este apartado, as\u00ed como por las condiciones de uso, pol\u00edticas de privacidad y normativas de acceso y uso de las redes sociales en cuesti\u00f3n y aceptadas previamente por el usuario. CS by Baldaquino tratar\u00e1 sus datos con el fin de informarle de las actividades, productos o servicios del prestador a trav\u00e9s de estas redes sociales, as\u00ed como para cualquier otra finalidad que las normativas de las Redes Sociales permitan, pero no se har\u00e1 responsable de sus pol\u00edticas de privacidad.<\/p>\n<p>Queda prohibida la publicaci\u00f3n de contenidos:<\/p>\n<p>\u2013 Que sean presuntamente il\u00edcitos por la normativa nacional, comunitaria o internacional o que realicen actividades presuntamente il\u00edcitas o contravengan los principios de la buena fe.<\/p>\n<p>\u2013 Que atenten contra los derechos fundamentales de las personas, falten a la cortes\u00eda en la red, molesten o puedan generar opiniones negativas en nuestros usuarios o terceros y en general cualesquiera sean los contenidos que CS by Baldaquino considere no apropiados.<\/p>\n<p>\u2013 Y en general que contravengan los principios de legalidad, honradez, responsabilidad, protecci\u00f3n de la dignidad humana, protecci\u00f3n de menores, protecci\u00f3n del orden p\u00fablico, la protecci\u00f3n de la vida privada, la protecci\u00f3n del consumidor y los derechos de propiedad intelectual e industrial.<\/p>\n<p>Asimismo, CS by Baldaquino se reserva la potestad de retirar, sin previo aviso del sitio web o de la red social corporativa aquellos contenidos que se consideren no apropiados.<\/p>\n<h3><strong>7. PROPIEDAD INTELECTUAL E INDUSTRIAL<\/strong><\/h3>\n<p>El sitio web, incluyendo a t\u00edtulo enunciativo, pero no limitativo la programaci\u00f3n, edici\u00f3n, compilaci\u00f3n y otros elementos necesarios para su funcionamiento, los dise\u00f1os, logotipos, textos, fotograf\u00edas y\/o gr\u00e1ficos son propiedad del prestador o, en caso de que fuera necesario, dispone de la licencia o autorizaci\u00f3n expresa por parte de los autores. Todos los contenidos del sitio web se encuentran debidamente protegidos por la normativa de propiedad intelectual e industrial.<\/p>\n<p>Independientemente de la finalidad por la que fueran destinados, la reproducci\u00f3n total o parcial, uso, distribuci\u00f3n y comunicaci\u00f3n p\u00fablica requieren de la autorizaci\u00f3n escrita previa por parte del prestador. Cualquier uso no autorizado previamente por parte del prestador ser\u00e1 considerado un incumplimiento grave de los derechos de propiedad intelectual o industrial del autor.<\/p>\n<p>Los dise\u00f1os, logotipos, textos y\/o gr\u00e1ficos ajenos al prestador y que puedan aparecer en el sitio web, pertenecen a sus respectivos propietarios, siendo ellos mismos los responsables de cualquier posible controversia que pudiera acontecer respecto a los mismos. En todo caso, el prestador cuenta con la autorizaci\u00f3n expresa y previa por parte de los mismos.<\/p>\n<p>El prestador reconoce a favor de sus titulares los correspondientes derechos de propiedad industrial e intelectual, no implicando la menci\u00f3n o aparici\u00f3n en el sitio web, de la existencia de derechos o ninguna responsabilidad del prestador sobre los mismos, como tampoco respaldo, patrocinio o recomendaci\u00f3n por parte del mismo.<\/p>\n<p>Para realizar cualquier tipo de observaci\u00f3n respecto a posibles incumplimientos de los derechos de propiedad intelectual o industrial, as\u00ed como sobre cualquiera de los contenidos del sitio web, puede hacerlo a trav\u00e9s del correo electr\u00f3nico arriba rese\u00f1ado.<\/p>\n<h3><strong>4. LEGISLACI\u00d3N APLICABLE<\/strong><\/h3>\n<p>Las condiciones presentes se regir\u00e1n por la legislaci\u00f3n espa\u00f1ola vigente.<br \/>\nLa lengua utilizada ser\u00e1 el Castellano.[\/vc_column_text][vc_empty_space][\/vc_column_inner][\/vc_row_inner][vc_empty_space height=\u00bb52px\u00bb][\/vc_column][vc_column width=\u00bb1\/6&#8243;][\/vc_column][\/vc_row]<\/p>\n<\/div>","protected":false},"excerpt":{"rendered":"<p>[vc_row row_type=\u00bbrow\u00bb use_row_as_full_screen_section=\u00bbno\u00bb type=\u00bbfull_width\u00bb text_align=\u00bbleft\u00bb background_animation=\u00bbnone\u00bb css_animation=\u00bb\u00bb][vc_column width=\u00bb1\/6&#8243;][\/vc_column][vc_column width=\u00bb2\/3&#8243;][vc_row_inner row_type=\u00bbrow\u00bb type=\u00bbfull_width\u00bb use_row_as_full_screen_section_slide=\u00bbno\u00bb text_align=\u00bbleft\u00bb css_animation=\u00bb\u00bb][vc_column_inner][vc_column_text]El presente aviso legal regula el uso y utilizaci\u00f3n del sitio web www.csbybaldaquino.com del que es titular&hellip;<\/p>\n","protected":false},"author":3,"featured_media":0,"parent":0,"menu_order":0,"comment_status":"closed","ping_status":"closed","template":"","meta":{"_monsterinsights_skip_tracking":false,"_monsterinsights_sitenote_active":false,"_monsterinsights_sitenote_note":"","_monsterinsights_sitenote_category":0,"footnotes":""},"class_list":["post-2107","page","type-page","status-publish","hentry"],"_links":{"self":[{"href":"https:\/\/csbybaldaquino.com\/wordpress\/wp-json\/wp\/v2\/pages\/2107","targetHints":{"allow":["GET"]}}],"collection":[{"href":"https:\/\/csbybaldaquino.com\/wordpress\/wp-json\/wp\/v2\/pages"}],"about":[{"href":"https:\/\/csbybaldaquino.com\/wordpress\/wp-json\/wp\/v2\/types\/page"}],"author":[{"embeddable":true,"href":"https:\/\/csbybaldaquino.com\/wordpress\/wp-json\/wp\/v2\/users\/3"}],"replies":[{"embeddable":true,"href":"https:\/\/csbybaldaquino.com\/wordpress\/wp-json\/wp\/v2\/comments?post=2107"}],"version-history":[{"count":7,"href":"https:\/\/csbybaldaquino.com\/wordpress\/wp-json\/wp\/v2\/pages\/2107\/revisions"}],"predecessor-version":[{"id":2756,"href":"https:\/\/csbybaldaquino.com\/wordpress\/wp-json\/wp\/v2\/pages\/2107\/revisions\/2756"}],"wp:attachment":[{"href":"https:\/\/csbybaldaquino.com\/wordpress\/wp-json\/wp\/v2\/media?parent=2107"}],"curies":[{"name":"wp","href":"https:\/\/api.w.org\/{rel}","templated":true}]}}